{"id":3852,"date":"2024-05-29T09:32:29","date_gmt":"2024-05-29T09:32:29","guid":{"rendered":"https:\/\/luan.webrt.net\/dulsonpaint\/?post_type=product&#038;p=3852"},"modified":"2024-06-12T08:03:40","modified_gmt":"2024-06-12T08:03:40","slug":"son-chong-tham-mau-ct-02-3","status":"publish","type":"product","link":"https:\/\/dulsonpaint.com\/?product=son-chong-tham-mau-ct-02-3","title":{"rendered":"S\u01a1n ch\u1ed1ng th\u1ea5m m\u00e0u cao c\u1ea5p CT-02"},"content":{"rendered":"","protected":false},"excerpt":{"rendered":"<p>CT \u2013 02 l\u00e0 lo\u1ea1i s\u01a1n \u0111\u01b0\u1ee3c k\u1ebft h\u1ee3p gi\u1eefa nh\u1ef1a styrene v\u00e0 acrylic c\u00f3 t\u00ednh \u0111\u00e0n h\u1ed3i cao v\u00e0 t\u1ea1o m\u00e0ng kh\u00e1ng n\u01b0\u1edbc t\u1ed1t ng\u0103n ch\u1eb7n s\u1ef1 th\u1ea5m n\u01b0\u1edbc t\u1eeb tr\u00ean xu\u1ed1ng nh\u01b0ng b\u1ec1 m\u1eb7t v\u1eabn b\u1ed1c h\u01a1i d\u1ec5 d\u00e0ng.<\/p>\n<p>CT \u2013 02 l\u00e0 ch\u1ea5t ch\u1ed1ng th\u1ea5m th\u00edch h\u1ee3p v\u1edbi c\u1ea5u tr\u00fac b\u00ea t\u00f4ng, n\u1ec1n xi m\u0103ng nh\u01b0 \u0111\u01b0\u1eddng h\u1ea7m, b\u1ec3 b\u01a1i, s\u00e2n th\u01b0\u1ee3ng, n\u1ec1n nh\u00e0 seno, s\u00e0n v\u1ec7 sinh v\u1edbi \u0111\u1ed9 b\u1ec1n v\u00e0 \u0111\u1ed9 th\u1ea9m m\u1ef9 c\u1ef1c cao.<\/p>\n<p>Th\u1ec3 t\u00edch: 21kg\/th\u00f9ng\/18L<\/p>\n<p>H\u01af\u1edaNG D\u1eaaN S\u1eec D\u1ee4NG<\/p>\n<p>&#8211; Chu\u1ea9n b\u1ecb b\u1ec1 m\u1eb7t: B\u1ec1 m\u1eb7t tr\u01b0\u1edbc khi s\u01a1n ph\u1ea3i kh\u00f4 v\u00e0 s\u1ea1ch, kh\u00f4ng b\u1ecb bong tr\u00f3c, ph\u1ea5n h\u00f3a, b\u1ee5i b\u1ea9n, rong r\u00eau v\u00e0 n\u1ea5m m\u1ed1c. \u0110\u1ed1i v\u1edbi nh\u1eefng b\u1ec1 m\u1eb7t \u0111\u00e3 qua s\u1eed d\u1ee5ng, n\u00ean r\u1eeda s\u1ea1ch b\u1eb1ng n\u01b0\u1edbc s\u1ea1ch k\u1ebft h\u1ee3p ch\u1ea5t t\u1ea9y n\u1ea5m m\u1ed1c\u00a0 (n\u1ebfu c\u1ea7n thi\u1ebft)<\/p>\n<p>&#8211; \u0110\u1ed9 \u1ea9m c\u1ee7a b\u1ec1 m\u1eb7t t\u01b0\u1eddng&lt;15%, b\u00ean trong t\u01b0\u1eddng ph\u1ea3i \u0111\u01b0\u1ee3c \u0111\u1ec3 kh\u00f4 \u00edt nh\u1ea5t 25 ng\u00e0y v\u1edbi t\u01b0\u1eddng x\u00e2y 200mm, 15 ng\u00e0y v\u1edbi t\u01b0\u1eddng 100mm, trong \u0111i\u1ec1u ki\u1ec7n th\u1eddi ti\u1ebft kh\u00f4ng m\u01b0a.<\/p>\n<p>H\u01af\u1edaNG D\u1eaaN THI C\u00d4NG<\/p>\n<p>&#8211; Thi c\u00f4ng: Thi c\u00f4ng t\u1ed1i thi\u1ec3u 2 l\u1edbp ch\u1ed1ng th\u1ea5m NANO ONE\u00a0 CT &#8211; 02 v\u1edbi b\u1ec1 d\u00e0y m\u00e0ng s\u01a1n kh\u00f4 55\u00b5\/l\u1edbp.<\/p>\n<p>&#8211; D\u1ee5ng c\u1ee5 thi c\u00f4ng: Ch\u1ed5i s\u01a1n, con l\u0103n ho\u1eb7c s\u00fang phun. V\u1ec7 sinh d\u1ee5ng c\u1ee5 v\u00e0 thi\u1ebft b\u1ecb b\u1eb1ng n\u01b0\u1edbc s\u1ea1ch ngay sau khi s\u1eed d\u1ee5ng.<\/p>\n<p>&#8211; Pha lo\u00e3ng: S\u01a1n \u0111\u01b0\u1ee3c s\u1ea3n xu\u1ea5t \u0111\u1ec3 s\u1eb5n s\u00e0ng s\u1eed d\u1ee5ng sau khi khu\u1ea5y k\u1ef9, kh\u00f4ng c\u1ea7n thi\u1ebft ph\u1ea3i pha n\u01b0\u1edbc.<\/p>\n<p>&#8211; Pha m\u00e0u: S\u01a1n \u0111\u01b0\u1ee3c s\u1eed d\u1ee5ng pha m\u00e0u v\u1edbi nhau<\/p>\n<p>&#8211; \u0110\u1ed9 ph\u1ee7: \u0110\u1ed9 ph\u1ee7 cho b\u1ec1 m\u1eb7t th\u00f4ng th\u01b0\u1eddng kho\u1ea3ng 5.5 &#8211; 7.5m\u00b2\/l\u00edt\/l\u1edbp.<\/p>\n<p>&#8211; Th\u1eddi gian kh\u00f4: Th\u1eddi gian kh\u00f4 t\u1ed1i thi\u1ec3u t\u1eeb 1-2 gi\u1edd. Th\u1eddi gian s\u01a1n l\u1edbp s\u01a1n k\u1ebf ti\u1ebfp t\u1ed1i thi\u1ec3u l\u00e0 4h.<\/p>\n<p>B\u1ea2O QU\u1ea2N S\u1ea2N PH\u1ea8M<\/p>\n<p>B\u1ea3o qu\u1ea3n: \u0110\u1ec3 n\u01a1i kh\u00f4 r\u00e1o, tho\u00e1ng m\u00e1t, \u0111\u1eady k\u00edn n\u1eafp khi s\u1eed d\u1ee5ng kh\u00f4ng h\u1ebft (ch\u01b0a pha th\u00eam n\u01b0\u1edbc).<\/p>\n<p>V\u1ec7 sinh m\u00f4i tr\u01b0\u1eddng: \u0110\u1ec3 s\u01a1n v\u00e0 bao b\u00ec \u0111\u00fang n\u01a1i quy \u0111\u1ecbnh, kh\u00f4ng \u0111\u1ed5 ra m\u00f4i tr\u01b0\u1eddng c\u00f4ng c\u1ed9ng l\u00e0m \u1ea3nh h\u01b0\u1edfng m\u1ef9 quan thi\u00ean nhi\u00ean.<\/p>\n","protected":false},"featured_media":3947,"comment_status":"open","ping_status":"closed","template":"","meta":[],"product_cat":[15,473,482],"product_tag":[],"acf":[],"yoast_head":"<!-- This site is optimized with the Yoast SEO plugin v22.8 - https:\/\/yoast.com\/wordpress\/plugins\/seo\/ -->\n<title>S\u1ed5 S\u1ea1c Kh\u1eafc Lazer Logo Theo Y\u00eau C\u1ea7u - M\u1eabu S\u1ed5 S\u1ea1c \u0110\u1eb9p Nh\u1ea5t !<\/title>\n<meta name=\"description\" content=\"Nh\u1eadt Minh l\u00e0 x\u01b0\u1edfng chuy\u00ean s\u1ea3n xu\u1ea5t s\u1ed5 s\u1ea1c kh\u1eafc lazer logo, s\u1ed5 s\u1ea1c \u0111i\u1ec7n tho\u1ea1i, s\u1ed5 pin d\u1ef1 ph\u00f2ng, c\u00f3 in \u1ea5n logo cho c\u00e1c doanh nghi\u1ec7p... LH: 0938.947.686\" \/>\n<meta name=\"robots\" content=\"index, follow, max-snippet:-1, max-image-preview:large, max-video-preview:-1\" \/>\n<link rel=\"canonical\" href=\"https:\/\/dulsonpaint.com\/?product=son-chong-tham-mau-ct-02-3\" \/>\n<meta property=\"og:locale\" content=\"vi_VN\" \/>\n<meta property=\"og:type\" content=\"article\" \/>\n<meta property=\"og:title\" content=\"S\u1ed5 S\u1ea1c Kh\u1eafc Lazer Logo Theo Y\u00eau C\u1ea7u - M\u1eabu S\u1ed5 S\u1ea1c \u0110\u1eb9p Nh\u1ea5t !\" \/>\n<meta property=\"og:description\" content=\"Nh\u1eadt Minh l\u00e0 x\u01b0\u1edfng chuy\u00ean s\u1ea3n xu\u1ea5t s\u1ed5 s\u1ea1c kh\u1eafc lazer logo, s\u1ed5 s\u1ea1c \u0111i\u1ec7n tho\u1ea1i, s\u1ed5 pin d\u1ef1 ph\u00f2ng, c\u00f3 in \u1ea5n logo cho c\u00e1c doanh nghi\u1ec7p... LH: 0938.947.686\" \/>\n<meta property=\"og:url\" content=\"https:\/\/dulsonpaint.com\/?product=son-chong-tham-mau-ct-02-3\" \/>\n<meta property=\"og:site_name\" content=\"dulsonpaint\" \/>\n<meta property=\"article:modified_time\" content=\"2024-06-12T08:03:40+00:00\" \/>\n<meta property=\"og:image\" content=\"https:\/\/dulsonpaint.com\/wp-content\/uploads\/2024\/05\/CT02.jpg\" \/>\n\t<meta property=\"og:image:width\" content=\"1540\" \/>\n\t<meta property=\"og:image:height\" content=\"1911\" \/>\n\t<meta property=\"og:image:type\" content=\"image\/jpeg\" \/>\n<meta name=\"twitter:card\" content=\"summary_large_image\" \/>\n<meta name=\"twitter:label1\" content=\"\u01af\u1edbc t\u00ednh th\u1eddi gian \u0111\u1ecdc\" \/>\n\t<meta name=\"twitter:data1\" content=\"1 ph\u00fat\" \/>\n<script type=\"application\/ld+json\" class=\"yoast-schema-graph\">{\"@context\":\"https:\/\/schema.org\",\"@graph\":[{\"@type\":\"WebPage\",\"@id\":\"https:\/\/dulsonpaint.com\/?product=son-chong-tham-mau-ct-02-3\",\"url\":\"https:\/\/dulsonpaint.com\/?product=son-chong-tham-mau-ct-02-3\",\"name\":\"S\u1ed5 S\u1ea1c Kh\u1eafc Lazer Logo Theo Y\u00eau C\u1ea7u - M\u1eabu S\u1ed5 S\u1ea1c \u0110\u1eb9p Nh\u1ea5t !\",\"isPartOf\":{\"@id\":\"https:\/\/dulsonpaint.com\/#website\"},\"primaryImageOfPage\":{\"@id\":\"https:\/\/dulsonpaint.com\/?product=son-chong-tham-mau-ct-02-3#primaryimage\"},\"image\":{\"@id\":\"https:\/\/dulsonpaint.com\/?product=son-chong-tham-mau-ct-02-3#primaryimage\"},\"thumbnailUrl\":\"https:\/\/dulsonpaint.com\/wp-content\/uploads\/2024\/05\/CT02.jpg\",\"datePublished\":\"2024-05-29T09:32:29+00:00\",\"dateModified\":\"2024-06-12T08:03:40+00:00\",\"description\":\"Nh\u1eadt Minh l\u00e0 x\u01b0\u1edfng chuy\u00ean s\u1ea3n xu\u1ea5t s\u1ed5 s\u1ea1c kh\u1eafc lazer logo, s\u1ed5 s\u1ea1c \u0111i\u1ec7n tho\u1ea1i, s\u1ed5 pin d\u1ef1 ph\u00f2ng, c\u00f3 in \u1ea5n logo cho c\u00e1c doanh nghi\u1ec7p... LH: 0938.947.686\",\"breadcrumb\":{\"@id\":\"https:\/\/dulsonpaint.com\/?product=son-chong-tham-mau-ct-02-3#breadcrumb\"},\"inLanguage\":\"vi\",\"potentialAction\":[{\"@type\":\"ReadAction\",\"target\":[\"https:\/\/dulsonpaint.com\/?product=son-chong-tham-mau-ct-02-3\"]}]},{\"@type\":\"ImageObject\",\"inLanguage\":\"vi\",\"@id\":\"https:\/\/dulsonpaint.com\/?product=son-chong-tham-mau-ct-02-3#primaryimage\",\"url\":\"https:\/\/dulsonpaint.com\/wp-content\/uploads\/2024\/05\/CT02.jpg\",\"contentUrl\":\"https:\/\/dulsonpaint.com\/wp-content\/uploads\/2024\/05\/CT02.jpg\",\"width\":1540,\"height\":1911},{\"@type\":\"BreadcrumbList\",\"@id\":\"https:\/\/dulsonpaint.com\/?product=son-chong-tham-mau-ct-02-3#breadcrumb\",\"itemListElement\":[{\"@type\":\"ListItem\",\"position\":1,\"name\":\"Trang ch\u1ee7\",\"item\":\"https:\/\/dulsonpaint.com\/\"},{\"@type\":\"ListItem\",\"position\":2,\"name\":\"Shop\",\"item\":\"https:\/\/dulsonpaint.com\/?page_id=63\"},{\"@type\":\"ListItem\",\"position\":3,\"name\":\"S\u01a1n ch\u1ed1ng th\u1ea5m m\u00e0u cao c\u1ea5p CT-02\"}]},{\"@type\":\"WebSite\",\"@id\":\"https:\/\/dulsonpaint.com\/#website\",\"url\":\"https:\/\/dulsonpaint.com\/\",\"name\":\"dulsonpaint\",\"description\":\"\",\"potentialAction\":[{\"@type\":\"SearchAction\",\"target\":{\"@type\":\"EntryPoint\",\"urlTemplate\":\"https:\/\/dulsonpaint.com\/?s={search_term_string}\"},\"query-input\":\"required name=search_term_string\"}],\"inLanguage\":\"vi\"}]}<\/script>\n<!-- \/ Yoast SEO plugin. -->","yoast_head_json":{"title":"S\u1ed5 S\u1ea1c Kh\u1eafc Lazer Logo Theo Y\u00eau C\u1ea7u - M\u1eabu S\u1ed5 S\u1ea1c \u0110\u1eb9p Nh\u1ea5t !","description":"Nh\u1eadt Minh l\u00e0 x\u01b0\u1edfng chuy\u00ean s\u1ea3n xu\u1ea5t s\u1ed5 s\u1ea1c kh\u1eafc lazer logo, s\u1ed5 s\u1ea1c \u0111i\u1ec7n tho\u1ea1i, s\u1ed5 pin d\u1ef1 ph\u00f2ng, c\u00f3 in \u1ea5n logo cho c\u00e1c doanh nghi\u1ec7p... LH: 0938.947.686","robots":{"index":"index","follow":"follow","max-snippet":"max-snippet:-1","max-image-preview":"max-image-preview:large","max-video-preview":"max-video-preview:-1"},"canonical":"https:\/\/dulsonpaint.com\/?product=son-chong-tham-mau-ct-02-3","og_locale":"vi_VN","og_type":"article","og_title":"S\u1ed5 S\u1ea1c Kh\u1eafc Lazer Logo Theo Y\u00eau C\u1ea7u - M\u1eabu S\u1ed5 S\u1ea1c \u0110\u1eb9p Nh\u1ea5t !","og_description":"Nh\u1eadt Minh l\u00e0 x\u01b0\u1edfng chuy\u00ean s\u1ea3n xu\u1ea5t s\u1ed5 s\u1ea1c kh\u1eafc lazer logo, s\u1ed5 s\u1ea1c \u0111i\u1ec7n tho\u1ea1i, s\u1ed5 pin d\u1ef1 ph\u00f2ng, c\u00f3 in \u1ea5n logo cho c\u00e1c doanh nghi\u1ec7p... LH: 0938.947.686","og_url":"https:\/\/dulsonpaint.com\/?product=son-chong-tham-mau-ct-02-3","og_site_name":"dulsonpaint","article_modified_time":"2024-06-12T08:03:40+00:00","og_image":[{"width":1540,"height":1911,"url":"https:\/\/dulsonpaint.com\/wp-content\/uploads\/2024\/05\/CT02.jpg","type":"image\/jpeg"}],"twitter_card":"summary_large_image","twitter_misc":{"\u01af\u1edbc t\u00ednh th\u1eddi gian \u0111\u1ecdc":"1 ph\u00fat"},"schema":{"@context":"https:\/\/schema.org","@graph":[{"@type":"WebPage","@id":"https:\/\/dulsonpaint.com\/?product=son-chong-tham-mau-ct-02-3","url":"https:\/\/dulsonpaint.com\/?product=son-chong-tham-mau-ct-02-3","name":"S\u1ed5 S\u1ea1c Kh\u1eafc Lazer Logo Theo Y\u00eau C\u1ea7u - M\u1eabu S\u1ed5 S\u1ea1c \u0110\u1eb9p Nh\u1ea5t !","isPartOf":{"@id":"https:\/\/dulsonpaint.com\/#website"},"primaryImageOfPage":{"@id":"https:\/\/dulsonpaint.com\/?product=son-chong-tham-mau-ct-02-3#primaryimage"},"image":{"@id":"https:\/\/dulsonpaint.com\/?product=son-chong-tham-mau-ct-02-3#primaryimage"},"thumbnailUrl":"https:\/\/dulsonpaint.com\/wp-content\/uploads\/2024\/05\/CT02.jpg","datePublished":"2024-05-29T09:32:29+00:00","dateModified":"2024-06-12T08:03:40+00:00","description":"Nh\u1eadt Minh l\u00e0 x\u01b0\u1edfng chuy\u00ean s\u1ea3n xu\u1ea5t s\u1ed5 s\u1ea1c kh\u1eafc lazer logo, s\u1ed5 s\u1ea1c \u0111i\u1ec7n tho\u1ea1i, s\u1ed5 pin d\u1ef1 ph\u00f2ng, c\u00f3 in \u1ea5n logo cho c\u00e1c doanh nghi\u1ec7p... LH: 0938.947.686","breadcrumb":{"@id":"https:\/\/dulsonpaint.com\/?product=son-chong-tham-mau-ct-02-3#breadcrumb"},"inLanguage":"vi","potentialAction":[{"@type":"ReadAction","target":["https:\/\/dulsonpaint.com\/?product=son-chong-tham-mau-ct-02-3"]}]},{"@type":"ImageObject","inLanguage":"vi","@id":"https:\/\/dulsonpaint.com\/?product=son-chong-tham-mau-ct-02-3#primaryimage","url":"https:\/\/dulsonpaint.com\/wp-content\/uploads\/2024\/05\/CT02.jpg","contentUrl":"https:\/\/dulsonpaint.com\/wp-content\/uploads\/2024\/05\/CT02.jpg","width":1540,"height":1911},{"@type":"BreadcrumbList","@id":"https:\/\/dulsonpaint.com\/?product=son-chong-tham-mau-ct-02-3#breadcrumb","itemListElement":[{"@type":"ListItem","position":1,"name":"Trang ch\u1ee7","item":"https:\/\/dulsonpaint.com\/"},{"@type":"ListItem","position":2,"name":"Shop","item":"https:\/\/dulsonpaint.com\/?page_id=63"},{"@type":"ListItem","position":3,"name":"S\u01a1n ch\u1ed1ng th\u1ea5m m\u00e0u cao c\u1ea5p CT-02"}]},{"@type":"WebSite","@id":"https:\/\/dulsonpaint.com\/#website","url":"https:\/\/dulsonpaint.com\/","name":"dulsonpaint","description":"","potentialAction":[{"@type":"SearchAction","target":{"@type":"EntryPoint","urlTemplate":"https:\/\/dulsonpaint.com\/?s={search_term_string}"},"query-input":"required name=search_term_string"}],"inLanguage":"vi"}]}},"_links":{"self":[{"href":"https:\/\/dulsonpaint.com\/index.php?rest_route=\/wp\/v2\/product\/3852"}],"collection":[{"href":"https:\/\/dulsonpaint.com\/index.php?rest_route=\/wp\/v2\/product"}],"about":[{"href":"https:\/\/dulsonpaint.com\/index.php?rest_route=\/wp\/v2\/types\/product"}],"replies":[{"embeddable":true,"href":"https:\/\/dulsonpaint.com\/index.php?rest_route=%2Fwp%2Fv2%2Fcomments&post=3852"}],"wp:featuredmedia":[{"embeddable":true,"href":"https:\/\/dulsonpaint.com\/index.php?rest_route=\/wp\/v2\/media\/3947"}],"wp:attachment":[{"href":"https:\/\/dulsonpaint.com\/index.php?rest_route=%2Fwp%2Fv2%2Fmedia&parent=3852"}],"wp:term":[{"taxonomy":"product_cat","embeddable":true,"href":"https:\/\/dulsonpaint.com\/index.php?rest_route=%2Fwp%2Fv2%2Fproduct_cat&post=3852"},{"taxonomy":"product_tag","embeddable":true,"href":"https:\/\/dulsonpaint.com\/index.php?rest_route=%2Fwp%2Fv2%2Fproduct_tag&post=3852"}],"curies":[{"name":"wp","href":"https:\/\/api.w.org\/{rel}","templated":true}]}}