{"id":3854,"date":"2024-05-29T09:32:31","date_gmt":"2024-05-29T09:32:31","guid":{"rendered":"https:\/\/luan.webrt.net\/dulsonpaint\/?post_type=product&#038;p=3854"},"modified":"2024-06-12T03:26:01","modified_gmt":"2024-06-12T03:26:01","slug":"son-chong-tham-mau-ct-02-5","status":"publish","type":"product","link":"https:\/\/dulsonpaint.com\/?product=son-chong-tham-mau-ct-02-5","title":{"rendered":"B\u1ed9t b\u1ea3 ch\u1ed1ng th\u1ea5m ngo\u1ea1i th\u1ea5t BB-N"},"content":{"rendered":"","protected":false},"excerpt":{"rendered":"<p><strong>\u0110\u00d3NG G\u00d3I<\/strong><\/p>\n<p>20kg\/bao<\/p>\n<p><strong>C\u1ea2NH B\u00c1O AN TO\u00c0N<\/strong><\/p>\n<p>Tr\u00e1nh xa t\u1ea7m tay tr\u1ebb em, khi thi c\u00f4ng \u0111eo g\u0103ng tay, kh\u1ea9u trang, \u0111\u1ec3 s\u01a1n v\u00e0 bao b\u00ec \u0111\u00fang n\u01a1i quy \u0111\u1ecbnh, kh\u00f4ng \u0111\u1ed5 ra m\u00f4i tr\u01b0\u1eddng.<\/p>\n","protected":false},"featured_media":4025,"comment_status":"open","ping_status":"closed","template":"","meta":[],"product_cat":[15,482],"product_tag":[],"acf":[],"yoast_head":"<!-- This site is optimized with the Yoast SEO plugin v22.8 - https:\/\/yoast.com\/wordpress\/plugins\/seo\/ -->\n<title>S\u1ed5 S\u1ea1c Kh\u1eafc Lazer Logo Theo Y\u00eau C\u1ea7u - M\u1eabu S\u1ed5 S\u1ea1c \u0110\u1eb9p Nh\u1ea5t !<\/title>\n<meta name=\"description\" content=\"Nh\u1eadt Minh l\u00e0 x\u01b0\u1edfng chuy\u00ean s\u1ea3n xu\u1ea5t s\u1ed5 s\u1ea1c kh\u1eafc lazer logo, s\u1ed5 s\u1ea1c \u0111i\u1ec7n tho\u1ea1i, s\u1ed5 pin d\u1ef1 ph\u00f2ng, c\u00f3 in \u1ea5n logo cho c\u00e1c doanh nghi\u1ec7p... LH: 0938.947.686\" \/>\n<meta name=\"robots\" content=\"index, follow, max-snippet:-1, max-image-preview:large, max-video-preview:-1\" \/>\n<link rel=\"canonical\" href=\"https:\/\/dulsonpaint.com\/?product=son-chong-tham-mau-ct-02-5\" \/>\n<meta property=\"og:locale\" content=\"vi_VN\" \/>\n<meta property=\"og:type\" content=\"article\" \/>\n<meta property=\"og:title\" content=\"S\u1ed5 S\u1ea1c Kh\u1eafc Lazer Logo Theo Y\u00eau C\u1ea7u - M\u1eabu S\u1ed5 S\u1ea1c \u0110\u1eb9p Nh\u1ea5t !\" \/>\n<meta property=\"og:description\" content=\"Nh\u1eadt Minh l\u00e0 x\u01b0\u1edfng chuy\u00ean s\u1ea3n xu\u1ea5t s\u1ed5 s\u1ea1c kh\u1eafc lazer logo, s\u1ed5 s\u1ea1c \u0111i\u1ec7n tho\u1ea1i, s\u1ed5 pin d\u1ef1 ph\u00f2ng, c\u00f3 in \u1ea5n logo cho c\u00e1c doanh nghi\u1ec7p... LH: 0938.947.686\" \/>\n<meta property=\"og:url\" content=\"https:\/\/dulsonpaint.com\/?product=son-chong-tham-mau-ct-02-5\" \/>\n<meta property=\"og:site_name\" content=\"dulsonpaint\" \/>\n<meta property=\"article:modified_time\" content=\"2024-06-12T03:26:01+00:00\" \/>\n<meta property=\"og:image\" content=\"https:\/\/dulsonpaint.com\/wp-content\/uploads\/2024\/05\/bot-ba.png\" \/>\n\t<meta property=\"og:image:width\" content=\"341\" \/>\n\t<meta property=\"og:image:height\" content=\"545\" \/>\n\t<meta property=\"og:image:type\" content=\"image\/png\" \/>\n<meta name=\"twitter:card\" content=\"summary_large_image\" \/>\n<meta name=\"twitter:label1\" content=\"\u01af\u1edbc t\u00ednh th\u1eddi gian \u0111\u1ecdc\" \/>\n\t<meta name=\"twitter:data1\" content=\"1 ph\u00fat\" \/>\n<script type=\"application\/ld+json\" class=\"yoast-schema-graph\">{\"@context\":\"https:\/\/schema.org\",\"@graph\":[{\"@type\":\"WebPage\",\"@id\":\"https:\/\/dulsonpaint.com\/?product=son-chong-tham-mau-ct-02-5\",\"url\":\"https:\/\/dulsonpaint.com\/?product=son-chong-tham-mau-ct-02-5\",\"name\":\"S\u1ed5 S\u1ea1c Kh\u1eafc Lazer Logo Theo Y\u00eau C\u1ea7u - M\u1eabu S\u1ed5 S\u1ea1c \u0110\u1eb9p Nh\u1ea5t !\",\"isPartOf\":{\"@id\":\"https:\/\/dulsonpaint.com\/#website\"},\"primaryImageOfPage\":{\"@id\":\"https:\/\/dulsonpaint.com\/?product=son-chong-tham-mau-ct-02-5#primaryimage\"},\"image\":{\"@id\":\"https:\/\/dulsonpaint.com\/?product=son-chong-tham-mau-ct-02-5#primaryimage\"},\"thumbnailUrl\":\"https:\/\/dulsonpaint.com\/wp-content\/uploads\/2024\/05\/bot-ba.png\",\"datePublished\":\"2024-05-29T09:32:31+00:00\",\"dateModified\":\"2024-06-12T03:26:01+00:00\",\"description\":\"Nh\u1eadt Minh l\u00e0 x\u01b0\u1edfng chuy\u00ean s\u1ea3n xu\u1ea5t s\u1ed5 s\u1ea1c kh\u1eafc lazer logo, s\u1ed5 s\u1ea1c \u0111i\u1ec7n tho\u1ea1i, s\u1ed5 pin d\u1ef1 ph\u00f2ng, c\u00f3 in \u1ea5n logo cho c\u00e1c doanh nghi\u1ec7p... LH: 0938.947.686\",\"breadcrumb\":{\"@id\":\"https:\/\/dulsonpaint.com\/?product=son-chong-tham-mau-ct-02-5#breadcrumb\"},\"inLanguage\":\"vi\",\"potentialAction\":[{\"@type\":\"ReadAction\",\"target\":[\"https:\/\/dulsonpaint.com\/?product=son-chong-tham-mau-ct-02-5\"]}]},{\"@type\":\"ImageObject\",\"inLanguage\":\"vi\",\"@id\":\"https:\/\/dulsonpaint.com\/?product=son-chong-tham-mau-ct-02-5#primaryimage\",\"url\":\"https:\/\/dulsonpaint.com\/wp-content\/uploads\/2024\/05\/bot-ba.png\",\"contentUrl\":\"https:\/\/dulsonpaint.com\/wp-content\/uploads\/2024\/05\/bot-ba.png\",\"width\":341,\"height\":545},{\"@type\":\"BreadcrumbList\",\"@id\":\"https:\/\/dulsonpaint.com\/?product=son-chong-tham-mau-ct-02-5#breadcrumb\",\"itemListElement\":[{\"@type\":\"ListItem\",\"position\":1,\"name\":\"Trang ch\u1ee7\",\"item\":\"https:\/\/dulsonpaint.com\/\"},{\"@type\":\"ListItem\",\"position\":2,\"name\":\"Shop\",\"item\":\"https:\/\/dulsonpaint.com\/?page_id=63\"},{\"@type\":\"ListItem\",\"position\":3,\"name\":\"B\u1ed9t b\u1ea3 ch\u1ed1ng th\u1ea5m ngo\u1ea1i th\u1ea5t BB-N\"}]},{\"@type\":\"WebSite\",\"@id\":\"https:\/\/dulsonpaint.com\/#website\",\"url\":\"https:\/\/dulsonpaint.com\/\",\"name\":\"dulsonpaint\",\"description\":\"\",\"potentialAction\":[{\"@type\":\"SearchAction\",\"target\":{\"@type\":\"EntryPoint\",\"urlTemplate\":\"https:\/\/dulsonpaint.com\/?s={search_term_string}\"},\"query-input\":\"required name=search_term_string\"}],\"inLanguage\":\"vi\"}]}<\/script>\n<!-- \/ Yoast SEO plugin. -->","yoast_head_json":{"title":"S\u1ed5 S\u1ea1c Kh\u1eafc Lazer Logo Theo Y\u00eau C\u1ea7u - M\u1eabu S\u1ed5 S\u1ea1c \u0110\u1eb9p Nh\u1ea5t !","description":"Nh\u1eadt Minh l\u00e0 x\u01b0\u1edfng chuy\u00ean s\u1ea3n xu\u1ea5t s\u1ed5 s\u1ea1c kh\u1eafc lazer logo, s\u1ed5 s\u1ea1c \u0111i\u1ec7n tho\u1ea1i, s\u1ed5 pin d\u1ef1 ph\u00f2ng, c\u00f3 in \u1ea5n logo cho c\u00e1c doanh nghi\u1ec7p... LH: 0938.947.686","robots":{"index":"index","follow":"follow","max-snippet":"max-snippet:-1","max-image-preview":"max-image-preview:large","max-video-preview":"max-video-preview:-1"},"canonical":"https:\/\/dulsonpaint.com\/?product=son-chong-tham-mau-ct-02-5","og_locale":"vi_VN","og_type":"article","og_title":"S\u1ed5 S\u1ea1c Kh\u1eafc Lazer Logo Theo Y\u00eau C\u1ea7u - M\u1eabu S\u1ed5 S\u1ea1c \u0110\u1eb9p Nh\u1ea5t !","og_description":"Nh\u1eadt Minh l\u00e0 x\u01b0\u1edfng chuy\u00ean s\u1ea3n xu\u1ea5t s\u1ed5 s\u1ea1c kh\u1eafc lazer logo, s\u1ed5 s\u1ea1c \u0111i\u1ec7n tho\u1ea1i, s\u1ed5 pin d\u1ef1 ph\u00f2ng, c\u00f3 in \u1ea5n logo cho c\u00e1c doanh nghi\u1ec7p... LH: 0938.947.686","og_url":"https:\/\/dulsonpaint.com\/?product=son-chong-tham-mau-ct-02-5","og_site_name":"dulsonpaint","article_modified_time":"2024-06-12T03:26:01+00:00","og_image":[{"width":341,"height":545,"url":"https:\/\/dulsonpaint.com\/wp-content\/uploads\/2024\/05\/bot-ba.png","type":"image\/png"}],"twitter_card":"summary_large_image","twitter_misc":{"\u01af\u1edbc t\u00ednh th\u1eddi gian \u0111\u1ecdc":"1 ph\u00fat"},"schema":{"@context":"https:\/\/schema.org","@graph":[{"@type":"WebPage","@id":"https:\/\/dulsonpaint.com\/?product=son-chong-tham-mau-ct-02-5","url":"https:\/\/dulsonpaint.com\/?product=son-chong-tham-mau-ct-02-5","name":"S\u1ed5 S\u1ea1c Kh\u1eafc Lazer Logo Theo Y\u00eau C\u1ea7u - M\u1eabu S\u1ed5 S\u1ea1c \u0110\u1eb9p Nh\u1ea5t !","isPartOf":{"@id":"https:\/\/dulsonpaint.com\/#website"},"primaryImageOfPage":{"@id":"https:\/\/dulsonpaint.com\/?product=son-chong-tham-mau-ct-02-5#primaryimage"},"image":{"@id":"https:\/\/dulsonpaint.com\/?product=son-chong-tham-mau-ct-02-5#primaryimage"},"thumbnailUrl":"https:\/\/dulsonpaint.com\/wp-content\/uploads\/2024\/05\/bot-ba.png","datePublished":"2024-05-29T09:32:31+00:00","dateModified":"2024-06-12T03:26:01+00:00","description":"Nh\u1eadt Minh l\u00e0 x\u01b0\u1edfng chuy\u00ean s\u1ea3n xu\u1ea5t s\u1ed5 s\u1ea1c kh\u1eafc lazer logo, s\u1ed5 s\u1ea1c \u0111i\u1ec7n tho\u1ea1i, s\u1ed5 pin d\u1ef1 ph\u00f2ng, c\u00f3 in \u1ea5n logo cho c\u00e1c doanh nghi\u1ec7p... LH: 0938.947.686","breadcrumb":{"@id":"https:\/\/dulsonpaint.com\/?product=son-chong-tham-mau-ct-02-5#breadcrumb"},"inLanguage":"vi","potentialAction":[{"@type":"ReadAction","target":["https:\/\/dulsonpaint.com\/?product=son-chong-tham-mau-ct-02-5"]}]},{"@type":"ImageObject","inLanguage":"vi","@id":"https:\/\/dulsonpaint.com\/?product=son-chong-tham-mau-ct-02-5#primaryimage","url":"https:\/\/dulsonpaint.com\/wp-content\/uploads\/2024\/05\/bot-ba.png","contentUrl":"https:\/\/dulsonpaint.com\/wp-content\/uploads\/2024\/05\/bot-ba.png","width":341,"height":545},{"@type":"BreadcrumbList","@id":"https:\/\/dulsonpaint.com\/?product=son-chong-tham-mau-ct-02-5#breadcrumb","itemListElement":[{"@type":"ListItem","position":1,"name":"Trang ch\u1ee7","item":"https:\/\/dulsonpaint.com\/"},{"@type":"ListItem","position":2,"name":"Shop","item":"https:\/\/dulsonpaint.com\/?page_id=63"},{"@type":"ListItem","position":3,"name":"B\u1ed9t b\u1ea3 ch\u1ed1ng th\u1ea5m ngo\u1ea1i th\u1ea5t BB-N"}]},{"@type":"WebSite","@id":"https:\/\/dulsonpaint.com\/#website","url":"https:\/\/dulsonpaint.com\/","name":"dulsonpaint","description":"","potentialAction":[{"@type":"SearchAction","target":{"@type":"EntryPoint","urlTemplate":"https:\/\/dulsonpaint.com\/?s={search_term_string}"},"query-input":"required name=search_term_string"}],"inLanguage":"vi"}]}},"_links":{"self":[{"href":"https:\/\/dulsonpaint.com\/index.php?rest_route=\/wp\/v2\/product\/3854"}],"collection":[{"href":"https:\/\/dulsonpaint.com\/index.php?rest_route=\/wp\/v2\/product"}],"about":[{"href":"https:\/\/dulsonpaint.com\/index.php?rest_route=\/wp\/v2\/types\/product"}],"replies":[{"embeddable":true,"href":"https:\/\/dulsonpaint.com\/index.php?rest_route=%2Fwp%2Fv2%2Fcomments&post=3854"}],"wp:featuredmedia":[{"embeddable":true,"href":"https:\/\/dulsonpaint.com\/index.php?rest_route=\/wp\/v2\/media\/4025"}],"wp:attachment":[{"href":"https:\/\/dulsonpaint.com\/index.php?rest_route=%2Fwp%2Fv2%2Fmedia&parent=3854"}],"wp:term":[{"taxonomy":"product_cat","embeddable":true,"href":"https:\/\/dulsonpaint.com\/index.php?rest_route=%2Fwp%2Fv2%2Fproduct_cat&post=3854"},{"taxonomy":"product_tag","embeddable":true,"href":"https:\/\/dulsonpaint.com\/index.php?rest_route=%2Fwp%2Fv2%2Fproduct_tag&post=3854"}],"curies":[{"name":"wp","href":"https:\/\/api.w.org\/{rel}","templated":true}]}}