{"id":3974,"date":"2024-05-31T07:48:26","date_gmt":"2024-05-31T07:48:26","guid":{"rendered":"https:\/\/luan.webrt.net\/dulsonpaint\/?post_type=product&#038;p=3974"},"modified":"2024-06-12T09:10:28","modified_gmt":"2024-06-12T09:10:28","slug":"son-chong-tham-mau-dst","status":"publish","type":"product","link":"https:\/\/dulsonpaint.com\/?product=son-chong-tham-mau-dst","title":{"rendered":"S\u01a1n m\u1ecbn n\u1ed9i th\u1ea5t DS100"},"content":{"rendered":"","protected":false},"excerpt":{"rendered":"<p>DS100 l\u00e0 lo\u1ea1i s\u01a1n acrylic ph\u1ee7 trong nh\u00e0 \u0111\u00e3 ho\u00e0n to\u00e0n nhi\u1ec7t \u0111\u1edbi h\u00f3a r\u1ea5t ph\u00f9 h\u1ee3p v\u1edbi kh\u00ed h\u1eadu Vi\u1ec7t Nam. C\u00f3 th\u1ec3 l\u0103n l\u00ean m\u1ecdi b\u1ec1 m\u1eb7t c\u1ee7a t\u01b0\u1eddng x\u00e2y d\u1ef1ng, c\u00f3 \u0111\u1ed9 ph\u1ee7 cao (100 \u00f7 120m2\/th\u00f9ng) d\u1ec5 thi c\u00f4ng, m\u00e0u s\u1eafc phong ph\u00fa, ch\u1ea5t l\u01b0\u1ee3ng \u1ed5n \u0111\u1ecbnh<\/p>\n<p>Th\u1ec3 t\u00edch: 24kg\/th\u00f9ng\/18L<\/p>\n<p><strong>\u0110\u1eb6C T\u00cdNH N\u1ed4I B\u1eacT<\/strong><\/p>\n<p>Lo\u1ea1i s\u01a1n: Ph\u1ee7 ho\u00e0n thi\u1ec7n<\/p>\n<p>M\u00e0u s\u1eafc: Theo qu\u1ea1t m\u00e0u v\u00e0 b\u1ea3ng m\u00e0u<\/p>\n<p>\u0110\u1ed9 ph\u1ee7 tu\u1ef3 theo b\u1ec1 m\u1eb7t: 6 &#8211; 8m\u00b2\/Kg\/L\u1edbp (\u0110\u00e3 pha lo\u00e3ng)<\/p>\n<p>&#8211; M\u00e0ng s\u01a1n si\u00eau m\u1ecbn<br \/>\n&#8211; \u0110\u1ed9 ph\u1ee7 cao<br \/>\n&#8211; Kh\u00e1ng khu\u1ea9n hi\u1ec7u qu\u1ea3<br \/>\n&#8211; \u0110\u1ed9 b\u00e1m d\u00ednh cao<br \/>\n&#8211; Lau ch\u00f9i b\u1ee5i b\u1ea9n<br \/>\n&#8211; Ng\u0103n ng\u1eeba r\u00eau m\u1ed1c<br \/>\n&#8211; Th\u00e2n thi\u1ec7n v\u1edbi m\u00f4i tr\u01b0\u1eddng<\/p>\n<p><strong>H\u01af\u1edaNG D\u1eaaN THI C\u00d4NG<\/strong><\/p>\n<p>Pha lo\u00e3ng \u1edf nhi\u1ec7t \u0111\u1ed9 b\u00ecnh th\u01b0\u1eddng: L\u1edbp 1 pha lo\u00e3ng v\u1edbi n\u01b0\u1edbc s\u1ea1ch 5% &#8211; L\u1edbp 2 pha lo\u00e3ng v\u1edbi n\u01b0\u1edbc s\u1ea1ch 3%<\/p>\n<p>Th\u1eddi gian kh\u00f4: Kh\u00f4 b\u1ec1 m\u1eb7t: 35 &#8211; 55 ph\u00fat tu\u1ef3 th\u1eddi ti\u1ebft &#8211; Th\u1eddi gian kh\u00f4 to\u00e0n b\u1ed9: 2 &#8211; 2 gi\u1edd 45 ph\u00fat<\/p>\n<p>H\u1ec7 th\u1ed1ng s\u01a1n<\/p>\n<p>T\u01b0\u1eddng m\u1edbi<\/p>\n<p>Tr\u00e9t 2 l\u1edbp b\u1ed9t b\u1ea3 (b\u1ed9t tr\u00e9t) nh\u00e3n hi\u1ec7u DULSON<\/p>\n<p>L\u00f3t 1 -2 l\u1edbp s\u01a1n l\u00f3t kh\u00e1ng ki\u1ec1m n\u1ed9i th\u1ea5t cao c\u1ea5p : DULSON SUPER SEALER (T\u0103ng \u0111\u1ed9 b\u00e1m d\u00ednh, t\u0103ng \u0111\u1ed9 b\u1ec1n m\u00e0u s\u01a1n g\u1ea5p hai l\u1ea7n)<\/p>\n<p>S\u01a1n ph\u1ee7 2 l\u1edbp s\u01a1n si\u00eau m\u1ecbn n\u1ed9i th\u1ea5t cao c\u1ea5p DULSON SUPER SILK<\/p>\n<p>T\u01b0\u1eddng c\u0169<\/p>\n<p>X\u1eed l\u00fd v\u1ec7 sinh b\u1ec1 m\u1eb7t t\u01b0\u1eddng th\u1eadt s\u1ea1ch<\/p>\n<p>L\u00f3t 1 -2 l\u1edbp s\u01a1n l\u00f3t kh\u00e1ng ki\u1ec1m n\u1ed9i th\u1ea5t cao c\u1ea5p : DULSON SUPER SEALER (T\u0103ng \u0111\u1ed9 b\u00e1m d\u00ednh, t\u0103ng \u0111\u1ed9 b\u1ec1n m\u00e0u s\u01a1n g\u1ea5p hai l\u1ea7n)<\/p>\n<p>S\u01a1n ph\u1ee7 2 l\u1edbp s\u01a1n si\u00eau m\u1ecbn n\u1ed9i th\u1ea5t cao c\u1ea5p DULSON SUPER SILK<\/p>\n<p><strong>\u0110\u00d3NG G\u00d3I<\/strong><\/p>\n<p>24kg\/th\u00f9ng\/18L<\/p>\n<p><strong>C\u1ea2NH B\u00c1O AN TO\u00c0N<\/strong><\/p>\n<p>Tr\u00e1nh xa t\u1ea7m tay tr\u1ebb em, khi thi c\u00f4ng \u0111eo g\u0103ng tay, kh\u1ea9u trang, \u0111\u1ec3 s\u01a1n v\u00e0 bao b\u00ec \u0111\u00fang n\u01a1i quy \u0111\u1ecbnh, kh\u00f4ng \u0111\u1ed5 ra m\u00f4i tr\u01b0\u1eddng.<\/p>\n","protected":false},"featured_media":3949,"comment_status":"open","ping_status":"closed","template":"","meta":[],"product_cat":[15,476],"product_tag":[],"acf":[],"yoast_head":"<!-- This site is optimized with the Yoast SEO plugin v22.8 - https:\/\/yoast.com\/wordpress\/plugins\/seo\/ -->\n<title>S\u01a1n m\u1ecbn n\u1ed9i th\u1ea5t DS100 - dulsonpaint<\/title>\n<meta name=\"robots\" content=\"index, follow, max-snippet:-1, max-image-preview:large, max-video-preview:-1\" \/>\n<link rel=\"canonical\" href=\"https:\/\/dulsonpaint.com\/?product=son-chong-tham-mau-dst\" \/>\n<meta property=\"og:locale\" content=\"vi_VN\" \/>\n<meta property=\"og:type\" content=\"article\" \/>\n<meta property=\"og:title\" content=\"S\u01a1n m\u1ecbn n\u1ed9i th\u1ea5t DS100 - dulsonpaint\" \/>\n<meta property=\"og:description\" content=\"DS100 l\u00e0 lo\u1ea1i s\u01a1n acrylic ph\u1ee7 trong nh\u00e0 \u0111\u00e3 ho\u00e0n to\u00e0n nhi\u1ec7t \u0111\u1edbi h\u00f3a r\u1ea5t ph\u00f9 h\u1ee3p v\u1edbi kh\u00ed h\u1eadu Vi\u1ec7t Nam. C\u00f3 th\u1ec3 l\u0103n l\u00ean m\u1ecdi b\u1ec1 m\u1eb7t c\u1ee7a t\u01b0\u1eddng x\u00e2y d\u1ef1ng, c\u00f3 \u0111\u1ed9 ph\u1ee7 cao (100 \u00f7 120m2\/th\u00f9ng) d\u1ec5 thi c\u00f4ng, m\u00e0u s\u1eafc phong ph\u00fa, ch\u1ea5t l\u01b0\u1ee3ng \u1ed5n \u0111\u1ecbnh  Th\u1ec3 t\u00edch: 24kg\/th\u00f9ng\/18L  \u0110\u1eb6C T\u00cdNH N\u1ed4I B\u1eacT  Lo\u1ea1i s\u01a1n: Ph\u1ee7 ho\u00e0n thi\u1ec7n  M\u00e0u s\u1eafc: Theo qu\u1ea1t m\u00e0u v\u00e0 b\u1ea3ng m\u00e0u  \u0110\u1ed9 ph\u1ee7 tu\u1ef3 theo b\u1ec1 m\u1eb7t: 6 - 8m\u00b2\/Kg\/L\u1edbp (\u0110\u00e3 pha lo\u00e3ng)  - M\u00e0ng s\u01a1n si\u00eau m\u1ecbn - \u0110\u1ed9 ph\u1ee7 cao - Kh\u00e1ng khu\u1ea9n hi\u1ec7u qu\u1ea3 - \u0110\u1ed9 b\u00e1m d\u00ednh cao - Lau ch\u00f9i b\u1ee5i b\u1ea9n - Ng\u0103n ng\u1eeba r\u00eau m\u1ed1c - Th\u00e2n thi\u1ec7n v\u1edbi m\u00f4i tr\u01b0\u1eddng  H\u01af\u1edaNG D\u1eaaN THI C\u00d4NG  Pha lo\u00e3ng \u1edf nhi\u1ec7t \u0111\u1ed9 b\u00ecnh th\u01b0\u1eddng: L\u1edbp 1 pha lo\u00e3ng v\u1edbi n\u01b0\u1edbc s\u1ea1ch 5% - L\u1edbp 2 pha lo\u00e3ng v\u1edbi n\u01b0\u1edbc s\u1ea1ch 3%  Th\u1eddi gian kh\u00f4: Kh\u00f4 b\u1ec1 m\u1eb7t: 35 - 55 ph\u00fat tu\u1ef3 th\u1eddi ti\u1ebft - Th\u1eddi gian kh\u00f4 to\u00e0n b\u1ed9: 2 - 2 gi\u1edd 45 ph\u00fat  H\u1ec7 th\u1ed1ng s\u01a1n  T\u01b0\u1eddng m\u1edbi  Tr\u00e9t 2 l\u1edbp b\u1ed9t b\u1ea3 (b\u1ed9t tr\u00e9t) nh\u00e3n hi\u1ec7u DULSON  L\u00f3t 1 -2 l\u1edbp s\u01a1n l\u00f3t kh\u00e1ng ki\u1ec1m n\u1ed9i th\u1ea5t cao c\u1ea5p : DULSON SUPER SEALER (T\u0103ng \u0111\u1ed9 b\u00e1m d\u00ednh, t\u0103ng \u0111\u1ed9 b\u1ec1n m\u00e0u s\u01a1n g\u1ea5p hai l\u1ea7n)  S\u01a1n ph\u1ee7 2 l\u1edbp s\u01a1n si\u00eau m\u1ecbn n\u1ed9i th\u1ea5t cao c\u1ea5p DULSON SUPER SILK  T\u01b0\u1eddng c\u0169  X\u1eed l\u00fd v\u1ec7 sinh b\u1ec1 m\u1eb7t t\u01b0\u1eddng th\u1eadt s\u1ea1ch  L\u00f3t 1 -2 l\u1edbp s\u01a1n l\u00f3t kh\u00e1ng ki\u1ec1m n\u1ed9i th\u1ea5t cao c\u1ea5p : DULSON SUPER SEALER (T\u0103ng \u0111\u1ed9 b\u00e1m d\u00ednh, t\u0103ng \u0111\u1ed9 b\u1ec1n m\u00e0u s\u01a1n g\u1ea5p hai l\u1ea7n)  S\u01a1n ph\u1ee7 2 l\u1edbp s\u01a1n si\u00eau m\u1ecbn n\u1ed9i th\u1ea5t cao c\u1ea5p DULSON SUPER SILK  \u0110\u00d3NG G\u00d3I  24kg\/th\u00f9ng\/18L  C\u1ea2NH B\u00c1O AN TO\u00c0N  Tr\u00e1nh xa t\u1ea7m tay tr\u1ebb em, khi thi c\u00f4ng \u0111eo g\u0103ng tay, kh\u1ea9u trang, \u0111\u1ec3 s\u01a1n v\u00e0 bao b\u00ec \u0111\u00fang n\u01a1i quy \u0111\u1ecbnh, kh\u00f4ng \u0111\u1ed5 ra m\u00f4i tr\u01b0\u1eddng.\" \/>\n<meta property=\"og:url\" content=\"https:\/\/dulsonpaint.com\/?product=son-chong-tham-mau-dst\" \/>\n<meta property=\"og:site_name\" content=\"dulsonpaint\" \/>\n<meta property=\"article:modified_time\" content=\"2024-06-12T09:10:28+00:00\" \/>\n<meta property=\"og:image\" content=\"https:\/\/dulsonpaint.com\/wp-content\/uploads\/2024\/05\/DS100.jpg\" \/>\n\t<meta property=\"og:image:width\" content=\"1540\" \/>\n\t<meta property=\"og:image:height\" content=\"1911\" \/>\n\t<meta property=\"og:image:type\" content=\"image\/jpeg\" \/>\n<meta name=\"twitter:card\" content=\"summary_large_image\" \/>\n<meta name=\"twitter:label1\" content=\"\u01af\u1edbc t\u00ednh th\u1eddi gian \u0111\u1ecdc\" \/>\n\t<meta name=\"twitter:data1\" content=\"1 ph\u00fat\" \/>\n<script type=\"application\/ld+json\" class=\"yoast-schema-graph\">{\"@context\":\"https:\/\/schema.org\",\"@graph\":[{\"@type\":\"WebPage\",\"@id\":\"https:\/\/dulsonpaint.com\/?product=son-chong-tham-mau-dst\",\"url\":\"https:\/\/dulsonpaint.com\/?product=son-chong-tham-mau-dst\",\"name\":\"S\u01a1n m\u1ecbn n\u1ed9i th\u1ea5t DS100 - dulsonpaint\",\"isPartOf\":{\"@id\":\"https:\/\/dulsonpaint.com\/#website\"},\"primaryImageOfPage\":{\"@id\":\"https:\/\/dulsonpaint.com\/?product=son-chong-tham-mau-dst#primaryimage\"},\"image\":{\"@id\":\"https:\/\/dulsonpaint.com\/?product=son-chong-tham-mau-dst#primaryimage\"},\"thumbnailUrl\":\"https:\/\/dulsonpaint.com\/wp-content\/uploads\/2024\/05\/DS100.jpg\",\"datePublished\":\"2024-05-31T07:48:26+00:00\",\"dateModified\":\"2024-06-12T09:10:28+00:00\",\"breadcrumb\":{\"@id\":\"https:\/\/dulsonpaint.com\/?product=son-chong-tham-mau-dst#breadcrumb\"},\"inLanguage\":\"vi\",\"potentialAction\":[{\"@type\":\"ReadAction\",\"target\":[\"https:\/\/dulsonpaint.com\/?product=son-chong-tham-mau-dst\"]}]},{\"@type\":\"ImageObject\",\"inLanguage\":\"vi\",\"@id\":\"https:\/\/dulsonpaint.com\/?product=son-chong-tham-mau-dst#primaryimage\",\"url\":\"https:\/\/dulsonpaint.com\/wp-content\/uploads\/2024\/05\/DS100.jpg\",\"contentUrl\":\"https:\/\/dulsonpaint.com\/wp-content\/uploads\/2024\/05\/DS100.jpg\",\"width\":1540,\"height\":1911},{\"@type\":\"BreadcrumbList\",\"@id\":\"https:\/\/dulsonpaint.com\/?product=son-chong-tham-mau-dst#breadcrumb\",\"itemListElement\":[{\"@type\":\"ListItem\",\"position\":1,\"name\":\"Trang ch\u1ee7\",\"item\":\"https:\/\/dulsonpaint.com\/\"},{\"@type\":\"ListItem\",\"position\":2,\"name\":\"Shop\",\"item\":\"https:\/\/dulsonpaint.com\/?page_id=63\"},{\"@type\":\"ListItem\",\"position\":3,\"name\":\"S\u01a1n m\u1ecbn n\u1ed9i th\u1ea5t DS100\"}]},{\"@type\":\"WebSite\",\"@id\":\"https:\/\/dulsonpaint.com\/#website\",\"url\":\"https:\/\/dulsonpaint.com\/\",\"name\":\"dulsonpaint\",\"description\":\"\",\"potentialAction\":[{\"@type\":\"SearchAction\",\"target\":{\"@type\":\"EntryPoint\",\"urlTemplate\":\"https:\/\/dulsonpaint.com\/?s={search_term_string}\"},\"query-input\":\"required name=search_term_string\"}],\"inLanguage\":\"vi\"}]}<\/script>\n<!-- \/ Yoast SEO plugin. -->","yoast_head_json":{"title":"S\u01a1n m\u1ecbn n\u1ed9i th\u1ea5t DS100 - dulsonpaint","robots":{"index":"index","follow":"follow","max-snippet":"max-snippet:-1","max-image-preview":"max-image-preview:large","max-video-preview":"max-video-preview:-1"},"canonical":"https:\/\/dulsonpaint.com\/?product=son-chong-tham-mau-dst","og_locale":"vi_VN","og_type":"article","og_title":"S\u01a1n m\u1ecbn n\u1ed9i th\u1ea5t DS100 - dulsonpaint","og_description":"DS100 l\u00e0 lo\u1ea1i s\u01a1n acrylic ph\u1ee7 trong nh\u00e0 \u0111\u00e3 ho\u00e0n to\u00e0n nhi\u1ec7t \u0111\u1edbi h\u00f3a r\u1ea5t ph\u00f9 h\u1ee3p v\u1edbi kh\u00ed h\u1eadu Vi\u1ec7t Nam. C\u00f3 th\u1ec3 l\u0103n l\u00ean m\u1ecdi b\u1ec1 m\u1eb7t c\u1ee7a t\u01b0\u1eddng x\u00e2y d\u1ef1ng, c\u00f3 \u0111\u1ed9 ph\u1ee7 cao (100 \u00f7 120m2\/th\u00f9ng) d\u1ec5 thi c\u00f4ng, m\u00e0u s\u1eafc phong ph\u00fa, ch\u1ea5t l\u01b0\u1ee3ng \u1ed5n \u0111\u1ecbnh  Th\u1ec3 t\u00edch: 24kg\/th\u00f9ng\/18L  \u0110\u1eb6C T\u00cdNH N\u1ed4I B\u1eacT  Lo\u1ea1i s\u01a1n: Ph\u1ee7 ho\u00e0n thi\u1ec7n  M\u00e0u s\u1eafc: Theo qu\u1ea1t m\u00e0u v\u00e0 b\u1ea3ng m\u00e0u  \u0110\u1ed9 ph\u1ee7 tu\u1ef3 theo b\u1ec1 m\u1eb7t: 6 - 8m\u00b2\/Kg\/L\u1edbp (\u0110\u00e3 pha lo\u00e3ng)  - M\u00e0ng s\u01a1n si\u00eau m\u1ecbn - \u0110\u1ed9 ph\u1ee7 cao - Kh\u00e1ng khu\u1ea9n hi\u1ec7u qu\u1ea3 - \u0110\u1ed9 b\u00e1m d\u00ednh cao - Lau ch\u00f9i b\u1ee5i b\u1ea9n - Ng\u0103n ng\u1eeba r\u00eau m\u1ed1c - Th\u00e2n thi\u1ec7n v\u1edbi m\u00f4i tr\u01b0\u1eddng  H\u01af\u1edaNG D\u1eaaN THI C\u00d4NG  Pha lo\u00e3ng \u1edf nhi\u1ec7t \u0111\u1ed9 b\u00ecnh th\u01b0\u1eddng: L\u1edbp 1 pha lo\u00e3ng v\u1edbi n\u01b0\u1edbc s\u1ea1ch 5% - L\u1edbp 2 pha lo\u00e3ng v\u1edbi n\u01b0\u1edbc s\u1ea1ch 3%  Th\u1eddi gian kh\u00f4: Kh\u00f4 b\u1ec1 m\u1eb7t: 35 - 55 ph\u00fat tu\u1ef3 th\u1eddi ti\u1ebft - Th\u1eddi gian kh\u00f4 to\u00e0n b\u1ed9: 2 - 2 gi\u1edd 45 ph\u00fat  H\u1ec7 th\u1ed1ng s\u01a1n  T\u01b0\u1eddng m\u1edbi  Tr\u00e9t 2 l\u1edbp b\u1ed9t b\u1ea3 (b\u1ed9t tr\u00e9t) nh\u00e3n hi\u1ec7u DULSON  L\u00f3t 1 -2 l\u1edbp s\u01a1n l\u00f3t kh\u00e1ng ki\u1ec1m n\u1ed9i th\u1ea5t cao c\u1ea5p : DULSON SUPER SEALER (T\u0103ng \u0111\u1ed9 b\u00e1m d\u00ednh, t\u0103ng \u0111\u1ed9 b\u1ec1n m\u00e0u s\u01a1n g\u1ea5p hai l\u1ea7n)  S\u01a1n ph\u1ee7 2 l\u1edbp s\u01a1n si\u00eau m\u1ecbn n\u1ed9i th\u1ea5t cao c\u1ea5p DULSON SUPER SILK  T\u01b0\u1eddng c\u0169  X\u1eed l\u00fd v\u1ec7 sinh b\u1ec1 m\u1eb7t t\u01b0\u1eddng th\u1eadt s\u1ea1ch  L\u00f3t 1 -2 l\u1edbp s\u01a1n l\u00f3t kh\u00e1ng ki\u1ec1m n\u1ed9i th\u1ea5t cao c\u1ea5p : DULSON SUPER SEALER (T\u0103ng \u0111\u1ed9 b\u00e1m d\u00ednh, t\u0103ng \u0111\u1ed9 b\u1ec1n m\u00e0u s\u01a1n g\u1ea5p hai l\u1ea7n)  S\u01a1n ph\u1ee7 2 l\u1edbp s\u01a1n si\u00eau m\u1ecbn n\u1ed9i th\u1ea5t cao c\u1ea5p DULSON SUPER SILK  \u0110\u00d3NG G\u00d3I  24kg\/th\u00f9ng\/18L  C\u1ea2NH B\u00c1O AN TO\u00c0N  Tr\u00e1nh xa t\u1ea7m tay tr\u1ebb em, khi thi c\u00f4ng \u0111eo g\u0103ng tay, kh\u1ea9u trang, \u0111\u1ec3 s\u01a1n v\u00e0 bao b\u00ec \u0111\u00fang n\u01a1i quy \u0111\u1ecbnh, kh\u00f4ng \u0111\u1ed5 ra m\u00f4i tr\u01b0\u1eddng.","og_url":"https:\/\/dulsonpaint.com\/?product=son-chong-tham-mau-dst","og_site_name":"dulsonpaint","article_modified_time":"2024-06-12T09:10:28+00:00","og_image":[{"width":1540,"height":1911,"url":"https:\/\/dulsonpaint.com\/wp-content\/uploads\/2024\/05\/DS100.jpg","type":"image\/jpeg"}],"twitter_card":"summary_large_image","twitter_misc":{"\u01af\u1edbc t\u00ednh th\u1eddi gian \u0111\u1ecdc":"1 ph\u00fat"},"schema":{"@context":"https:\/\/schema.org","@graph":[{"@type":"WebPage","@id":"https:\/\/dulsonpaint.com\/?product=son-chong-tham-mau-dst","url":"https:\/\/dulsonpaint.com\/?product=son-chong-tham-mau-dst","name":"S\u01a1n m\u1ecbn n\u1ed9i th\u1ea5t DS100 - dulsonpaint","isPartOf":{"@id":"https:\/\/dulsonpaint.com\/#website"},"primaryImageOfPage":{"@id":"https:\/\/dulsonpaint.com\/?product=son-chong-tham-mau-dst#primaryimage"},"image":{"@id":"https:\/\/dulsonpaint.com\/?product=son-chong-tham-mau-dst#primaryimage"},"thumbnailUrl":"https:\/\/dulsonpaint.com\/wp-content\/uploads\/2024\/05\/DS100.jpg","datePublished":"2024-05-31T07:48:26+00:00","dateModified":"2024-06-12T09:10:28+00:00","breadcrumb":{"@id":"https:\/\/dulsonpaint.com\/?product=son-chong-tham-mau-dst#breadcrumb"},"inLanguage":"vi","potentialAction":[{"@type":"ReadAction","target":["https:\/\/dulsonpaint.com\/?product=son-chong-tham-mau-dst"]}]},{"@type":"ImageObject","inLanguage":"vi","@id":"https:\/\/dulsonpaint.com\/?product=son-chong-tham-mau-dst#primaryimage","url":"https:\/\/dulsonpaint.com\/wp-content\/uploads\/2024\/05\/DS100.jpg","contentUrl":"https:\/\/dulsonpaint.com\/wp-content\/uploads\/2024\/05\/DS100.jpg","width":1540,"height":1911},{"@type":"BreadcrumbList","@id":"https:\/\/dulsonpaint.com\/?product=son-chong-tham-mau-dst#breadcrumb","itemListElement":[{"@type":"ListItem","position":1,"name":"Trang ch\u1ee7","item":"https:\/\/dulsonpaint.com\/"},{"@type":"ListItem","position":2,"name":"Shop","item":"https:\/\/dulsonpaint.com\/?page_id=63"},{"@type":"ListItem","position":3,"name":"S\u01a1n m\u1ecbn n\u1ed9i th\u1ea5t DS100"}]},{"@type":"WebSite","@id":"https:\/\/dulsonpaint.com\/#website","url":"https:\/\/dulsonpaint.com\/","name":"dulsonpaint","description":"","potentialAction":[{"@type":"SearchAction","target":{"@type":"EntryPoint","urlTemplate":"https:\/\/dulsonpaint.com\/?s={search_term_string}"},"query-input":"required name=search_term_string"}],"inLanguage":"vi"}]}},"_links":{"self":[{"href":"https:\/\/dulsonpaint.com\/index.php?rest_route=\/wp\/v2\/product\/3974"}],"collection":[{"href":"https:\/\/dulsonpaint.com\/index.php?rest_route=\/wp\/v2\/product"}],"about":[{"href":"https:\/\/dulsonpaint.com\/index.php?rest_route=\/wp\/v2\/types\/product"}],"replies":[{"embeddable":true,"href":"https:\/\/dulsonpaint.com\/index.php?rest_route=%2Fwp%2Fv2%2Fcomments&post=3974"}],"wp:featuredmedia":[{"embeddable":true,"href":"https:\/\/dulsonpaint.com\/index.php?rest_route=\/wp\/v2\/media\/3949"}],"wp:attachment":[{"href":"https:\/\/dulsonpaint.com\/index.php?rest_route=%2Fwp%2Fv2%2Fmedia&parent=3974"}],"wp:term":[{"taxonomy":"product_cat","embeddable":true,"href":"https:\/\/dulsonpaint.com\/index.php?rest_route=%2Fwp%2Fv2%2Fproduct_cat&post=3974"},{"taxonomy":"product_tag","embeddable":true,"href":"https:\/\/dulsonpaint.com\/index.php?rest_route=%2Fwp%2Fv2%2Fproduct_tag&post=3974"}],"curies":[{"name":"wp","href":"https:\/\/api.w.org\/{rel}","templated":true}]}}