{"id":4175,"date":"2025-05-09T08:51:55","date_gmt":"2025-05-09T08:51:55","guid":{"rendered":"https:\/\/dulsonpaint.com\/?post_type=product&#038;p=4175"},"modified":"2025-05-09T08:51:56","modified_gmt":"2025-05-09T08:51:56","slug":"son-lot-khang-kiem-ngoai-that-cao-capds-06","status":"publish","type":"product","link":"https:\/\/dulsonpaint.com\/?product=son-lot-khang-kiem-ngoai-that-cao-capds-06","title":{"rendered":"S\u01a0N L\u00d3T KH\u00c1NG KI\u1ec0M NGO\u1ea0I TH\u1ea4T CAO C\u1ea4P:DS-06"},"content":{"rendered":"<p><img loading=\"lazy\" decoding=\"async\" class=\"alignnone size-medium wp-image-4176\" src=\"https:\/\/dulsonpaint.com\/wp-content\/uploads\/2025\/05\/5-DS06-388x400.png\" alt=\"\" width=\"388\" height=\"400\" srcset=\"https:\/\/dulsonpaint.com\/wp-content\/uploads\/2025\/05\/5-DS06-388x400.png 388w, https:\/\/dulsonpaint.com\/wp-content\/uploads\/2025\/05\/5-DS06-776x800.png 776w, https:\/\/dulsonpaint.com\/wp-content\/uploads\/2025\/05\/5-DS06-768x792.png 768w, https:\/\/dulsonpaint.com\/wp-content\/uploads\/2025\/05\/5-DS06-600x619.png 600w, https:\/\/dulsonpaint.com\/wp-content\/uploads\/2025\/05\/5-DS06.png 1156w\" sizes=\"(max-width: 388px) 100vw, 388px\" \/><\/p>\n","protected":false},"excerpt":{"rendered":"<p>S\u01a1n l\u00f3t kh\u00e1ng ki\u1ec1m ngo\u1ea1i th\u1ea5t cao c\u1ea5p DS-06: L\u00e0 lo\u1ea1i s\u01a1n l\u00f3t g\u1ed1c n\u01b0\u1edbc Acrylic c\u00f3 kh\u1ea3 n\u0103ng kh\u00e1ng ki\u1ec1m h\u00f3a tr\u00ean b\u1ec1 m\u1eb7t t\u01b0\u1eddng, th\u1ea5m s\u00e2u v\u00e0o b\u1ec1 m\u1eb7t t\u01b0\u1eddng, t\u0103ng kh\u1ea3 n\u0103ng b\u00e1m d\u00ednh, h\u1ea1n ch\u1ebf c\u00e1c t\u00e1c \u0111\u1ed9ng c\u1ee7a ch\u1ea5t ki\u1ec1m tr\u00ean b\u1ec1 m\u1eb7t t\u01b0\u1eddng \u0111\u1ed1i v\u1edbi l\u1edbp s\u01a1n ho\u00e0n thi\u1ec7n l\u00e0m t\u0103ng tu\u1ed5i th\u1ecd c\u1ee7a m\u00e0u. \u0110\u01b0\u1ee3c s\u1eed d\u1ee5ng ngo\u00e0i tr\u1eddi, ch\u1ed1ng n\u1ea5m m\u1ed1c h\u1eefu hi\u1ec7u, d\u1ec5 s\u1eed d\u1ee5ng ph\u00f9 h\u1ee3p v\u1edbi kh\u00ed h\u1eadu nhi\u1ec7t \u0111\u1edbi gi\u00f3 m\u00f9a.<\/p>\n<p>\u0110\u1eb6C T\u00cdNH N\u1ed4I B\u1eacT<br \/>\n\u2013 Kh\u00e1ng ki\u1ec1m hi\u1ec7u qu\u1ea3<br \/>\n\u2013 Ch\u1ed1ng r\u00eau m\u1ed1c<br \/>\n\u2013 T\u1ea1o \u0111\u1ed9 b\u00e1m d\u00ednh v\u1edbi s\u01a1n ph\u1ee7<br \/>\n\u2013 T\u0103ng \u0111\u1ed9 b\u1ec1n cho s\u01a1n ph\u1ee7<br \/>\n\u2013 Kh\u00f4ng bong tr\u00f3c<br \/>\n\u2013 Th\u00e2n thi\u1ec7n v\u1edbi m\u00f4i tr\u01b0\u1eddng<br \/>\nLo\u1ea1i s\u01a1n: L\u00f3t cao c\u1ea5p<br \/>\nM\u00e0u s\u1eafc: Tr\u1eafng xanh<br \/>\n\u0110\u1ed9 ph\u1ee7 tu\u1ef3 theo b\u1ec1 m\u1eb7t: 10 \u2013 12m\u00b2\/Kg\/L\u1edbp (\u0110\u00e3 pha lo\u00e3ng)<br \/>\nH\u01af\u1edaNG D\u1eaaN THI C\u00d4NG<br \/>\nPha lo\u00e3ng \u1edf nhi\u1ec7t \u0111\u1ed9 b\u00ecnh th\u01b0\u1eddng: L\u1edbp 1 pha lo\u00e3ng v\u1edbi n\u01b0\u1edbc s\u1ea1ch 5% \u2013 L\u1edbp 2 pha lo\u00e3ng v\u1edbi n\u01b0\u1edbc s\u1ea1ch 3%.<br \/>\nTh\u1eddi gian kh\u00f4: Kh\u00f4 b\u1ec1 m\u1eb7t: 35 \u2013 55 ph\u00fat tu\u1ef3 th\u1eddi ti\u1ebft \u2013 Th\u1eddi gian kh\u00f4 to\u00e0n b\u1ed9: 2 \u2013 2 gi\u1edd 45 ph\u00fat<br \/>\nH\u1ec7 th\u1ed1ng s\u01a1n<br \/>\n*T\u01b0\u1eddng m\u1edbi<br \/>\nTr\u00e9t 2 l\u1edbp b\u1ed9t b\u1ea3 (b\u1ed9t tr\u00e9t) nh\u00e3n hi\u1ec7u DSCOLOR<br \/>\nL\u00f3t 1 -2 l\u1edbp s\u01a1n l\u00f3t kh\u00e1ng ki\u1ec1m ngo\u1ea1i th\u1ea5t cao c\u1ea5p : DS-06 (T\u0103ng \u0111\u1ed9 b\u00e1m d\u00ednh, t\u0103ng \u0111\u1ed9 b\u1ec1n m\u00e0u s\u01a1n g\u1ea5p hai l\u1ea7n)<br \/>\nS\u01a1n ph\u1ee7 2 l\u1edbp s\u01a1n ngo\u1ea1i th\u1ea5t DSCOLOR<br \/>\n*T\u01b0\u1eddng c\u0169<br \/>\nX\u1eed l\u00fd v\u1ec7 sinh b\u1ec1 m\u1eb7t t\u01b0\u1eddng th\u1eadt s\u1ea1ch<br \/>\nL\u00f3t 1 -2 l\u1edbp s\u01a1n l\u00f3t kh\u00e1ng ki\u1ec1m ngo\u1ea1i th\u1ea5t cao c\u1ea5p : DS-06 (T\u0103ng \u0111\u1ed9 b\u00e1m d\u00ednh, t\u0103ng \u0111\u1ed9 b\u1ec1n m\u00e0u s\u01a1n g\u1ea5p hai l\u1ea7n)<br \/>\nS\u01a1n ph\u1ee7 2 l\u1edbp s\u01a1n ngo\u1ea1i th\u1ea5t DSCOLOR<br \/>\n\u0110\u00d3NG G\u00d3I<br \/>\n21\/th\u00f9ng\/18L<\/p>\n<p>5.7kg\/lon\/5L<\/p>\n<p>C\u1ea2NH B\u00c1O AN TO\u00c0N<br \/>\nTr\u00e1nh xa t\u1ea7m tay tr\u1ebb em, khi thi c\u00f4ng \u0111eo g\u0103ng tay, kh\u1ea9u trang, \u0111\u1ec3 s\u01a1n v\u00e0 bao b\u00ec \u0111\u00fang n\u01a1i quy \u0111\u1ecbnh, kh\u00f4ng \u0111\u1ed5 ra m\u00f4i tr\u01b0\u1eddng.<\/p>\n","protected":false},"featured_media":4176,"comment_status":"open","ping_status":"closed","template":"","meta":[],"product_cat":[15,479,482],"product_tag":[493],"acf":[],"yoast_head":"<!-- This site is optimized with the Yoast SEO plugin v22.8 - https:\/\/yoast.com\/wordpress\/plugins\/seo\/ -->\n<title>S\u01a0N L\u00d3T KH\u00c1NG KI\u1ec0M NGO\u1ea0I TH\u1ea4T CAO C\u1ea4P:DS-06 - dulsonpaint<\/title>\n<meta name=\"description\" content=\"S\u01a1n l\u00f3t kh\u00e1ng ki\u1ec1m ngo\u1ea1i th\u1ea5t cao c\u1ea5p DS-06: L\u00e0 lo\u1ea1i s\u01a1n l\u00f3t g\u1ed1c n\u01b0\u1edbc Acrylic c\u00f3 kh\u1ea3 n\u0103ng kh\u00e1ng ki\u1ec1m h\u00f3a tr\u00ean b\u1ec1 m\u1eb7t t\u01b0\u1eddng, th\u1ea5m s\u00e2u v\u00e0o b\u1ec1 m\u1eb7t t\u01b0\u1eddng, t\u0103ng kh\u1ea3 n\u0103ng b\u00e1m d\u00ednh, h\u1ea1n ch\u1ebf c\u00e1c t\u00e1c \u0111\u1ed9ng c\u1ee7a ch\u1ea5t ki\u1ec1m tr\u00ean b\u1ec1 m\u1eb7t t\u01b0\u1eddng \u0111\u1ed1i v\u1edbi l\u1edbp s\u01a1n ho\u00e0n thi\u1ec7n l\u00e0m t\u0103ng tu\u1ed5i th\u1ecd c\u1ee7a m\u00e0u. \u0110\u01b0\u1ee3c s\u1eed d\u1ee5ng ngo\u00e0i tr\u1eddi, ch\u1ed1ng n\u1ea5m m\u1ed1c h\u1eefu hi\u1ec7u, d\u1ec5 s\u1eed d\u1ee5ng ph\u00f9 h\u1ee3p v\u1edbi kh\u00ed h\u1eadu nhi\u1ec7t \u0111\u1edbi gi\u00f3 m\u00f9a.\" \/>\n<meta name=\"robots\" content=\"index, follow, max-snippet:-1, max-image-preview:large, max-video-preview:-1\" \/>\n<link rel=\"canonical\" href=\"https:\/\/dulsonpaint.com\/?product=son-lot-khang-kiem-ngoai-that-cao-capds-06\" \/>\n<meta property=\"og:locale\" content=\"vi_VN\" \/>\n<meta property=\"og:type\" content=\"article\" \/>\n<meta property=\"og:title\" content=\"S\u01a0N L\u00d3T KH\u00c1NG KI\u1ec0M NGO\u1ea0I TH\u1ea4T CAO C\u1ea4P:DS-06 - dulsonpaint\" \/>\n<meta property=\"og:description\" content=\"S\u01a1n l\u00f3t kh\u00e1ng ki\u1ec1m ngo\u1ea1i th\u1ea5t cao c\u1ea5p DS-06: L\u00e0 lo\u1ea1i s\u01a1n l\u00f3t g\u1ed1c n\u01b0\u1edbc Acrylic c\u00f3 kh\u1ea3 n\u0103ng kh\u00e1ng ki\u1ec1m h\u00f3a tr\u00ean b\u1ec1 m\u1eb7t t\u01b0\u1eddng, th\u1ea5m s\u00e2u v\u00e0o b\u1ec1 m\u1eb7t t\u01b0\u1eddng, t\u0103ng kh\u1ea3 n\u0103ng b\u00e1m d\u00ednh, h\u1ea1n ch\u1ebf c\u00e1c t\u00e1c \u0111\u1ed9ng c\u1ee7a ch\u1ea5t ki\u1ec1m tr\u00ean b\u1ec1 m\u1eb7t t\u01b0\u1eddng \u0111\u1ed1i v\u1edbi l\u1edbp s\u01a1n ho\u00e0n thi\u1ec7n l\u00e0m t\u0103ng tu\u1ed5i th\u1ecd c\u1ee7a m\u00e0u. \u0110\u01b0\u1ee3c s\u1eed d\u1ee5ng ngo\u00e0i tr\u1eddi, ch\u1ed1ng n\u1ea5m m\u1ed1c h\u1eefu hi\u1ec7u, d\u1ec5 s\u1eed d\u1ee5ng ph\u00f9 h\u1ee3p v\u1edbi kh\u00ed h\u1eadu nhi\u1ec7t \u0111\u1edbi gi\u00f3 m\u00f9a.\" \/>\n<meta property=\"og:url\" content=\"https:\/\/dulsonpaint.com\/?product=son-lot-khang-kiem-ngoai-that-cao-capds-06\" \/>\n<meta property=\"og:site_name\" content=\"dulsonpaint\" \/>\n<meta property=\"article:modified_time\" content=\"2025-05-09T08:51:56+00:00\" \/>\n<meta property=\"og:image\" content=\"https:\/\/dulsonpaint.com\/wp-content\/uploads\/2025\/05\/5-DS06.png\" \/>\n\t<meta property=\"og:image:width\" content=\"1156\" \/>\n\t<meta property=\"og:image:height\" content=\"1192\" \/>\n\t<meta property=\"og:image:type\" content=\"image\/png\" \/>\n<meta name=\"twitter:card\" content=\"summary_large_image\" \/>\n<meta name=\"twitter:label1\" content=\"\u01af\u1edbc t\u00ednh th\u1eddi gian \u0111\u1ecdc\" \/>\n\t<meta name=\"twitter:data1\" content=\"1 ph\u00fat\" \/>\n<script type=\"application\/ld+json\" class=\"yoast-schema-graph\">{\"@context\":\"https:\/\/schema.org\",\"@graph\":[{\"@type\":\"WebPage\",\"@id\":\"https:\/\/dulsonpaint.com\/?product=son-lot-khang-kiem-ngoai-that-cao-capds-06\",\"url\":\"https:\/\/dulsonpaint.com\/?product=son-lot-khang-kiem-ngoai-that-cao-capds-06\",\"name\":\"S\u01a0N L\u00d3T KH\u00c1NG KI\u1ec0M NGO\u1ea0I TH\u1ea4T CAO C\u1ea4P:DS-06 - dulsonpaint\",\"isPartOf\":{\"@id\":\"https:\/\/dulsonpaint.com\/#website\"},\"primaryImageOfPage\":{\"@id\":\"https:\/\/dulsonpaint.com\/?product=son-lot-khang-kiem-ngoai-that-cao-capds-06#primaryimage\"},\"image\":{\"@id\":\"https:\/\/dulsonpaint.com\/?product=son-lot-khang-kiem-ngoai-that-cao-capds-06#primaryimage\"},\"thumbnailUrl\":\"https:\/\/dulsonpaint.com\/wp-content\/uploads\/2025\/05\/5-DS06.png\",\"datePublished\":\"2025-05-09T08:51:55+00:00\",\"dateModified\":\"2025-05-09T08:51:56+00:00\",\"description\":\"S\u01a1n l\u00f3t kh\u00e1ng ki\u1ec1m ngo\u1ea1i th\u1ea5t cao c\u1ea5p DS-06: L\u00e0 lo\u1ea1i s\u01a1n l\u00f3t g\u1ed1c n\u01b0\u1edbc Acrylic c\u00f3 kh\u1ea3 n\u0103ng kh\u00e1ng ki\u1ec1m h\u00f3a tr\u00ean b\u1ec1 m\u1eb7t t\u01b0\u1eddng, th\u1ea5m s\u00e2u v\u00e0o b\u1ec1 m\u1eb7t t\u01b0\u1eddng, t\u0103ng kh\u1ea3 n\u0103ng b\u00e1m d\u00ednh, h\u1ea1n ch\u1ebf c\u00e1c t\u00e1c \u0111\u1ed9ng c\u1ee7a ch\u1ea5t ki\u1ec1m tr\u00ean b\u1ec1 m\u1eb7t t\u01b0\u1eddng \u0111\u1ed1i v\u1edbi l\u1edbp s\u01a1n ho\u00e0n thi\u1ec7n l\u00e0m t\u0103ng tu\u1ed5i th\u1ecd c\u1ee7a m\u00e0u. \u0110\u01b0\u1ee3c s\u1eed d\u1ee5ng ngo\u00e0i tr\u1eddi, ch\u1ed1ng n\u1ea5m m\u1ed1c h\u1eefu hi\u1ec7u, d\u1ec5 s\u1eed d\u1ee5ng ph\u00f9 h\u1ee3p v\u1edbi kh\u00ed h\u1eadu nhi\u1ec7t \u0111\u1edbi gi\u00f3 m\u00f9a.\",\"breadcrumb\":{\"@id\":\"https:\/\/dulsonpaint.com\/?product=son-lot-khang-kiem-ngoai-that-cao-capds-06#breadcrumb\"},\"inLanguage\":\"vi\",\"potentialAction\":[{\"@type\":\"ReadAction\",\"target\":[\"https:\/\/dulsonpaint.com\/?product=son-lot-khang-kiem-ngoai-that-cao-capds-06\"]}]},{\"@type\":\"ImageObject\",\"inLanguage\":\"vi\",\"@id\":\"https:\/\/dulsonpaint.com\/?product=son-lot-khang-kiem-ngoai-that-cao-capds-06#primaryimage\",\"url\":\"https:\/\/dulsonpaint.com\/wp-content\/uploads\/2025\/05\/5-DS06.png\",\"contentUrl\":\"https:\/\/dulsonpaint.com\/wp-content\/uploads\/2025\/05\/5-DS06.png\",\"width\":1156,\"height\":1192},{\"@type\":\"BreadcrumbList\",\"@id\":\"https:\/\/dulsonpaint.com\/?product=son-lot-khang-kiem-ngoai-that-cao-capds-06#breadcrumb\",\"itemListElement\":[{\"@type\":\"ListItem\",\"position\":1,\"name\":\"Trang ch\u1ee7\",\"item\":\"https:\/\/dulsonpaint.com\/\"},{\"@type\":\"ListItem\",\"position\":2,\"name\":\"Shop\",\"item\":\"https:\/\/dulsonpaint.com\/?page_id=63\"},{\"@type\":\"ListItem\",\"position\":3,\"name\":\"S\u01a0N L\u00d3T KH\u00c1NG KI\u1ec0M NGO\u1ea0I TH\u1ea4T CAO C\u1ea4P:DS-06\"}]},{\"@type\":\"WebSite\",\"@id\":\"https:\/\/dulsonpaint.com\/#website\",\"url\":\"https:\/\/dulsonpaint.com\/\",\"name\":\"dulsonpaint\",\"description\":\"\",\"potentialAction\":[{\"@type\":\"SearchAction\",\"target\":{\"@type\":\"EntryPoint\",\"urlTemplate\":\"https:\/\/dulsonpaint.com\/?s={search_term_string}\"},\"query-input\":\"required name=search_term_string\"}],\"inLanguage\":\"vi\"}]}<\/script>\n<!-- \/ Yoast SEO plugin. -->","yoast_head_json":{"title":"S\u01a0N L\u00d3T KH\u00c1NG KI\u1ec0M NGO\u1ea0I TH\u1ea4T CAO C\u1ea4P:DS-06 - dulsonpaint","description":"S\u01a1n l\u00f3t kh\u00e1ng ki\u1ec1m ngo\u1ea1i th\u1ea5t cao c\u1ea5p DS-06: L\u00e0 lo\u1ea1i s\u01a1n l\u00f3t g\u1ed1c n\u01b0\u1edbc Acrylic c\u00f3 kh\u1ea3 n\u0103ng kh\u00e1ng ki\u1ec1m h\u00f3a tr\u00ean b\u1ec1 m\u1eb7t t\u01b0\u1eddng, th\u1ea5m s\u00e2u v\u00e0o b\u1ec1 m\u1eb7t t\u01b0\u1eddng, t\u0103ng kh\u1ea3 n\u0103ng b\u00e1m d\u00ednh, h\u1ea1n ch\u1ebf c\u00e1c t\u00e1c \u0111\u1ed9ng c\u1ee7a ch\u1ea5t ki\u1ec1m tr\u00ean b\u1ec1 m\u1eb7t t\u01b0\u1eddng \u0111\u1ed1i v\u1edbi l\u1edbp s\u01a1n ho\u00e0n thi\u1ec7n l\u00e0m t\u0103ng tu\u1ed5i th\u1ecd c\u1ee7a m\u00e0u. \u0110\u01b0\u1ee3c s\u1eed d\u1ee5ng ngo\u00e0i tr\u1eddi, ch\u1ed1ng n\u1ea5m m\u1ed1c h\u1eefu hi\u1ec7u, d\u1ec5 s\u1eed d\u1ee5ng ph\u00f9 h\u1ee3p v\u1edbi kh\u00ed h\u1eadu nhi\u1ec7t \u0111\u1edbi gi\u00f3 m\u00f9a.","robots":{"index":"index","follow":"follow","max-snippet":"max-snippet:-1","max-image-preview":"max-image-preview:large","max-video-preview":"max-video-preview:-1"},"canonical":"https:\/\/dulsonpaint.com\/?product=son-lot-khang-kiem-ngoai-that-cao-capds-06","og_locale":"vi_VN","og_type":"article","og_title":"S\u01a0N L\u00d3T KH\u00c1NG KI\u1ec0M NGO\u1ea0I TH\u1ea4T CAO C\u1ea4P:DS-06 - dulsonpaint","og_description":"S\u01a1n l\u00f3t kh\u00e1ng ki\u1ec1m ngo\u1ea1i th\u1ea5t cao c\u1ea5p DS-06: L\u00e0 lo\u1ea1i s\u01a1n l\u00f3t g\u1ed1c n\u01b0\u1edbc Acrylic c\u00f3 kh\u1ea3 n\u0103ng kh\u00e1ng ki\u1ec1m h\u00f3a tr\u00ean b\u1ec1 m\u1eb7t t\u01b0\u1eddng, th\u1ea5m s\u00e2u v\u00e0o b\u1ec1 m\u1eb7t t\u01b0\u1eddng, t\u0103ng kh\u1ea3 n\u0103ng b\u00e1m d\u00ednh, h\u1ea1n ch\u1ebf c\u00e1c t\u00e1c \u0111\u1ed9ng c\u1ee7a ch\u1ea5t ki\u1ec1m tr\u00ean b\u1ec1 m\u1eb7t t\u01b0\u1eddng \u0111\u1ed1i v\u1edbi l\u1edbp s\u01a1n ho\u00e0n thi\u1ec7n l\u00e0m t\u0103ng tu\u1ed5i th\u1ecd c\u1ee7a m\u00e0u. \u0110\u01b0\u1ee3c s\u1eed d\u1ee5ng ngo\u00e0i tr\u1eddi, ch\u1ed1ng n\u1ea5m m\u1ed1c h\u1eefu hi\u1ec7u, d\u1ec5 s\u1eed d\u1ee5ng ph\u00f9 h\u1ee3p v\u1edbi kh\u00ed h\u1eadu nhi\u1ec7t \u0111\u1edbi gi\u00f3 m\u00f9a.","og_url":"https:\/\/dulsonpaint.com\/?product=son-lot-khang-kiem-ngoai-that-cao-capds-06","og_site_name":"dulsonpaint","article_modified_time":"2025-05-09T08:51:56+00:00","og_image":[{"width":1156,"height":1192,"url":"https:\/\/dulsonpaint.com\/wp-content\/uploads\/2025\/05\/5-DS06.png","type":"image\/png"}],"twitter_card":"summary_large_image","twitter_misc":{"\u01af\u1edbc t\u00ednh th\u1eddi gian \u0111\u1ecdc":"1 ph\u00fat"},"schema":{"@context":"https:\/\/schema.org","@graph":[{"@type":"WebPage","@id":"https:\/\/dulsonpaint.com\/?product=son-lot-khang-kiem-ngoai-that-cao-capds-06","url":"https:\/\/dulsonpaint.com\/?product=son-lot-khang-kiem-ngoai-that-cao-capds-06","name":"S\u01a0N L\u00d3T KH\u00c1NG KI\u1ec0M NGO\u1ea0I TH\u1ea4T CAO C\u1ea4P:DS-06 - dulsonpaint","isPartOf":{"@id":"https:\/\/dulsonpaint.com\/#website"},"primaryImageOfPage":{"@id":"https:\/\/dulsonpaint.com\/?product=son-lot-khang-kiem-ngoai-that-cao-capds-06#primaryimage"},"image":{"@id":"https:\/\/dulsonpaint.com\/?product=son-lot-khang-kiem-ngoai-that-cao-capds-06#primaryimage"},"thumbnailUrl":"https:\/\/dulsonpaint.com\/wp-content\/uploads\/2025\/05\/5-DS06.png","datePublished":"2025-05-09T08:51:55+00:00","dateModified":"2025-05-09T08:51:56+00:00","description":"S\u01a1n l\u00f3t kh\u00e1ng ki\u1ec1m ngo\u1ea1i th\u1ea5t cao c\u1ea5p DS-06: L\u00e0 lo\u1ea1i s\u01a1n l\u00f3t g\u1ed1c n\u01b0\u1edbc Acrylic c\u00f3 kh\u1ea3 n\u0103ng kh\u00e1ng ki\u1ec1m h\u00f3a tr\u00ean b\u1ec1 m\u1eb7t t\u01b0\u1eddng, th\u1ea5m s\u00e2u v\u00e0o b\u1ec1 m\u1eb7t t\u01b0\u1eddng, t\u0103ng kh\u1ea3 n\u0103ng b\u00e1m d\u00ednh, h\u1ea1n ch\u1ebf c\u00e1c t\u00e1c \u0111\u1ed9ng c\u1ee7a ch\u1ea5t ki\u1ec1m tr\u00ean b\u1ec1 m\u1eb7t t\u01b0\u1eddng \u0111\u1ed1i v\u1edbi l\u1edbp s\u01a1n ho\u00e0n thi\u1ec7n l\u00e0m t\u0103ng tu\u1ed5i th\u1ecd c\u1ee7a m\u00e0u. \u0110\u01b0\u1ee3c s\u1eed d\u1ee5ng ngo\u00e0i tr\u1eddi, ch\u1ed1ng n\u1ea5m m\u1ed1c h\u1eefu hi\u1ec7u, d\u1ec5 s\u1eed d\u1ee5ng ph\u00f9 h\u1ee3p v\u1edbi kh\u00ed h\u1eadu nhi\u1ec7t \u0111\u1edbi gi\u00f3 m\u00f9a.","breadcrumb":{"@id":"https:\/\/dulsonpaint.com\/?product=son-lot-khang-kiem-ngoai-that-cao-capds-06#breadcrumb"},"inLanguage":"vi","potentialAction":[{"@type":"ReadAction","target":["https:\/\/dulsonpaint.com\/?product=son-lot-khang-kiem-ngoai-that-cao-capds-06"]}]},{"@type":"ImageObject","inLanguage":"vi","@id":"https:\/\/dulsonpaint.com\/?product=son-lot-khang-kiem-ngoai-that-cao-capds-06#primaryimage","url":"https:\/\/dulsonpaint.com\/wp-content\/uploads\/2025\/05\/5-DS06.png","contentUrl":"https:\/\/dulsonpaint.com\/wp-content\/uploads\/2025\/05\/5-DS06.png","width":1156,"height":1192},{"@type":"BreadcrumbList","@id":"https:\/\/dulsonpaint.com\/?product=son-lot-khang-kiem-ngoai-that-cao-capds-06#breadcrumb","itemListElement":[{"@type":"ListItem","position":1,"name":"Trang ch\u1ee7","item":"https:\/\/dulsonpaint.com\/"},{"@type":"ListItem","position":2,"name":"Shop","item":"https:\/\/dulsonpaint.com\/?page_id=63"},{"@type":"ListItem","position":3,"name":"S\u01a0N L\u00d3T KH\u00c1NG KI\u1ec0M NGO\u1ea0I TH\u1ea4T CAO C\u1ea4P:DS-06"}]},{"@type":"WebSite","@id":"https:\/\/dulsonpaint.com\/#website","url":"https:\/\/dulsonpaint.com\/","name":"dulsonpaint","description":"","potentialAction":[{"@type":"SearchAction","target":{"@type":"EntryPoint","urlTemplate":"https:\/\/dulsonpaint.com\/?s={search_term_string}"},"query-input":"required name=search_term_string"}],"inLanguage":"vi"}]}},"_links":{"self":[{"href":"https:\/\/dulsonpaint.com\/index.php?rest_route=\/wp\/v2\/product\/4175"}],"collection":[{"href":"https:\/\/dulsonpaint.com\/index.php?rest_route=\/wp\/v2\/product"}],"about":[{"href":"https:\/\/dulsonpaint.com\/index.php?rest_route=\/wp\/v2\/types\/product"}],"replies":[{"embeddable":true,"href":"https:\/\/dulsonpaint.com\/index.php?rest_route=%2Fwp%2Fv2%2Fcomments&post=4175"}],"wp:featuredmedia":[{"embeddable":true,"href":"https:\/\/dulsonpaint.com\/index.php?rest_route=\/wp\/v2\/media\/4176"}],"wp:attachment":[{"href":"https:\/\/dulsonpaint.com\/index.php?rest_route=%2Fwp%2Fv2%2Fmedia&parent=4175"}],"wp:term":[{"taxonomy":"product_cat","embeddable":true,"href":"https:\/\/dulsonpaint.com\/index.php?rest_route=%2Fwp%2Fv2%2Fproduct_cat&post=4175"},{"taxonomy":"product_tag","embeddable":true,"href":"https:\/\/dulsonpaint.com\/index.php?rest_route=%2Fwp%2Fv2%2Fproduct_tag&post=4175"}],"curies":[{"name":"wp","href":"https:\/\/api.w.org\/{rel}","templated":true}]}}